{"id":33,"date":"2017-12-20T13:52:38","date_gmt":"2017-12-20T13:52:38","guid":{"rendered":"https:\/\/www.artiumlife.com\/?page_id=33"},"modified":"2024-10-27T01:36:12","modified_gmt":"2024-10-26T22:36:12","slug":"about-1","status":"publish","type":"page","link":"https:\/\/www.artiumlife.com\/?page_id=33","title":{"rendered":"Kurumsal"},"content":{"rendered":"<div class=\"wpb-content-wrapper\"><p>[vc_row][vc_column icons_position=&#8221;left&#8221;]<div id=\"sc_title_528742985\"\n\t\tclass=\"sc_title color_style_default sc_title_alter font-bigger\"><h2 class=\"sc_item_title sc_title_title sc_align_center sc_item_title_style_alter\">Artiumlife'a Hosgeldiniz<\/h2><div class=\"sc_item_descr sc_title_descr sc_align_center\"><p>Artiumlife, K\u00fctahya'da sa\u011fl\u0131kl\u0131 ya\u015fam ve g\u00fczellik alan\u0131nda \u00f6nc\u00fc bir merkezdir. M\u00fc\u015fterilerimizin g\u00fczellik ve bak\u0131m ihtiya\u00e7lar\u0131n\u0131 kar\u015f\u0131lamak amac\u0131yla, en son teknoloji ve kaliteli \u00fcr\u00fcnlerle donat\u0131lm\u0131\u015f bir ortam sunuyoruz. Epilasyon, ipek kirpik uygulamalar\u0131 ve cilt bak\u0131m\u0131 gibi \u00e7e\u015fitli hizmetlerimizle, her bireyin kendini \u00f6zel ve g\u00fczel hissetmesini sa\u011flamay\u0131 hedefliyoruz.<\/p>\n<p>Uzman ekibimiz, profesyonel ve samimi bir yakla\u015f\u0131m benimseyerek, her m\u00fc\u015fterimizin beklentilerini en \u00fcst d\u00fczeyde kar\u015f\u0131lamak i\u00e7in \u00e7al\u0131\u015fmaktad\u0131r. Do\u011fal ve g\u00fcvenilir \u00fcr\u00fcnlerle sundu\u011fumuz hizmetlerimizde, sa\u011fl\u0131\u011f\u0131n\u0131za ve g\u00fczelli\u011finize verdi\u011fimiz \u00f6nemi \u00f6n planda tutuyoruz.<\/p>\n<p>Artiumlife olarak, kendinize ay\u0131raca\u011f\u0131n\u0131z zaman\u0131 en iyi \u015fekilde de\u011ferlendirmenizi sa\u011flamak i\u00e7in buraday\u0131z. G\u00fczellik, sadece d\u0131\u015f g\u00f6r\u00fcn\u00fcmle ilgili de\u011fil; ruhsal ve bedensel bir deneyimdir. Biz de bu deneyimi sizlere sunmak i\u00e7in s\u00fcrekli kendimizi geli\u015ftiriyor ve yenilik\u00e7i y\u00f6ntemler ar\u0131yoruz.<\/p>\n<p>Siz de Artiumlife ile g\u00fczellik yolculu\u011funa \u00e7\u0131k\u0131n; kendinizi \u00f6zel hissedin<\/p>\n<\/div><div class=\"sc_item_button sc_button_wrap sc_align_center\"><a href=\"https:\/\/api.whatsapp.com\/send?phone=905330840943\" id=\"sc_button_1747029552\" class=\"sc_button color_style_default sc_button_default sc_item_button sc_item_button_default sc_title_button sc_button_size_normal sc_button_icon_left\"><span class=\"sc_button_text\"><span class=\"sc_button_title\">Whatsapp ileti\u015fim<\/span><\/span><!-- \/.sc_button_text --><\/a><!-- \/.sc_button --><\/div><!-- \/.sc_item_button --><\/div><!-- \/.sc_title -->[vc_empty_space alter_height=&#8221;large&#8221; hide_on_desktop=&#8221;&#8221; hide_on_notebook=&#8221;&#8221; hide_on_tablet=&#8221;&#8221; hide_on_mobile=&#8221;&#8221; css=&#8221;.vc_custom_1547133697424{margin-bottom: -1.2rem !important;}&#8221;][\/vc_column][\/vc_row]<\/p>\n<\/div>","protected":false},"excerpt":{"rendered":"<p>[vc_row][vc_column icons_position=&#8221;left&#8221;][vc_empty_space alter_height=&#8221;large&#8221; hide_on_desktop=&#8221;&#8221; hide_on_notebook=&#8221;&#8221; hide_on_tablet=&#8221;&#8221; hide_on_mobile=&#8221;&#8221; css=&#8221;.vc_custom_1547133697424{margin-bottom: -1.2rem !important;}&#8221;][\/vc_column][\/vc_row]<\/p>\n","protected":false},"author":1,"featured_media":0,"parent":0,"menu_order":0,"comment_status":"closed","ping_status":"closed","template":"","meta":{"footnotes":""},"class_list":["post-33","page","type-page","status-publish","hentry"],"_links":{"self":[{"href":"https:\/\/www.artiumlife.com\/index.php?rest_route=\/wp\/v2\/pages\/33"}],"collection":[{"href":"https:\/\/www.artiumlife.com\/index.php?rest_route=\/wp\/v2\/pages"}],"about":[{"href":"https:\/\/www.artiumlife.com\/index.php?rest_route=\/wp\/v2\/types\/page"}],"author":[{"embeddable":true,"href":"https:\/\/www.artiumlife.com\/index.php?rest_route=\/wp\/v2\/users\/1"}],"replies":[{"embeddable":true,"href":"https:\/\/www.artiumlife.com\/index.php?rest_route=%2Fwp%2Fv2%2Fcomments&post=33"}],"version-history":[{"count":1,"href":"https:\/\/www.artiumlife.com\/index.php?rest_route=\/wp\/v2\/pages\/33\/revisions"}],"predecessor-version":[{"id":1696,"href":"https:\/\/www.artiumlife.com\/index.php?rest_route=\/wp\/v2\/pages\/33\/revisions\/1696"}],"wp:attachment":[{"href":"https:\/\/www.artiumlife.com\/index.php?rest_route=%2Fwp%2Fv2%2Fmedia&parent=33"}],"curies":[{"name":"wp","href":"https:\/\/api.w.org\/{rel}","templated":true}]}}