{"id":41,"date":"2017-12-20T13:55:47","date_gmt":"2017-12-20T13:55:47","guid":{"rendered":"https:\/\/www.artiumlife.com\/?page_id=41"},"modified":"2024-10-27T01:32:01","modified_gmt":"2024-10-26T22:32:01","slug":"our-services","status":"publish","type":"page","link":"https:\/\/www.artiumlife.com\/?page_id=41","title":{"rendered":"Hizmetlerimiz"},"content":{"rendered":"<div class=\"wpb-content-wrapper\"><p>[vc_row][vc_column icons_position=&#8221;left&#8221;]<div  id=\"sc_price_821660017\" \n\tclass=\"sc_price color_style_default sc_price_alter\"><div class=\"sc_price_columns_wrap sc_item_columns trx_addons_columns_wrap columns_padding_bottom\"><div class=\"trx_addons_column-1_3\"><div class=\"sc_price_item sc_price_item_alter\">\n\t\t\t<div class=\"sc_price_item_info\"><h3 class=\"sc_price_item_title\"><span>G\u00fczellik Paketleri<\/span><\/h3><div class=\"sc_price_item_price\"><span class=\"sc_price_item_price_before\">indirimli<\/span><span class=\"sc_price_item_price_value\">-%50<\/span><\/div><\/div><!-- \/.sc_price_item_info --><a href=\"\/appointment\/\" class=\"sc_price_item_link sc_price_item_link_over\"><\/a><\/div><\/div><div class=\"trx_addons_column-1_3\"><div class=\"sc_price_item sc_price_item_alter\">\n\t\t\t<div class=\"sc_price_item_info\"><h3 class=\"sc_price_item_title\"><span>Cilt Bak\u0131m\u0131 Paketleri<\/span><\/h3><div class=\"sc_price_item_price\"><span class=\"sc_price_item_price_before\">indirimli<\/span><span class=\"sc_price_item_price_value\">-%45<\/span><\/div><\/div><!-- \/.sc_price_item_info --><a href=\"\/appointment\/\" class=\"sc_price_item_link sc_price_item_link_over\"><\/a><\/div><\/div><div class=\"trx_addons_column-1_3\"><div class=\"sc_price_item sc_price_item_alter\">\n\t\t\t<div class=\"sc_price_item_info\"><h3 class=\"sc_price_item_title\"><span>Makyaj Paketleri<\/span><\/h3><div class=\"sc_price_item_price\"><span class=\"sc_price_item_price_before\">indirimli<\/span><span class=\"sc_price_item_price_value\">-%60<\/span><\/div><\/div><!-- \/.sc_price_item_info --><a href=\"\/appointment\/\" class=\"sc_price_item_link sc_price_item_link_over\"><\/a><\/div><\/div><\/div><\/div><!-- \/.sc_price -->[vc_empty_space alter_height=&#8221;medium&#8221; hide_on_desktop=&#8221;&#8221; hide_on_notebook=&#8221;&#8221; hide_on_tablet=&#8221;&#8221; hide_on_mobile=&#8221;&#8221; css=&#8221;.vc_custom_1547026088056{margin-bottom: 2.7rem !important;}&#8221;][\/vc_column][\/vc_row][vc_row][vc_column icons_position=&#8221;left&#8221;]<div  id=\"sc_action_803700313\" \n\tclass=\"sc_action color_style_default sc_action_simple\"><div class=\"sc_action_content sc_item_content\"><div class=\"sc_action_item sc_action_item_simple with_image sc_action_fixed_height sc_action_item_ml\" style=\"background-image:url(https:\/\/www.artiumlife.com\/wp-content\/uploads\/2017\/12\/bg-5-copyright.jpg);height:478px;overflow:hidden;\">\n\t\t\t\t\t\t\t<div class=\"sc_action_item_mask\"><\/div>\n\t\t\t\t<div class=\"sc_action_item_inner\">\n\t\t\t\t<h2 class=\"sc_action_item_title\"><span>Artiumlife ailesiyle tan\u0131\u015f\u0131n<\/span><\/h2><h6 class=\"sc_action_item_subtitle\"><span>size \u00f6zel<\/span><\/h6><div class=\"sc_action_item_info\"><span>%25 indirim<\/span><\/div><br><a href=\"https:\/\/api.whatsapp.com\/send?phone=905330840943\" class=\"sc_action_item_link sc_button sc_button_size_normal\">Whatsapp<\/a><\/div><!-- \/.sc_action_item_inner --><\/div><\/div><\/div><!-- \/.sc_action -->[vc_empty_space alter_height=&#8221;large&#8221; hide_on_desktop=&#8221;&#8221; hide_on_notebook=&#8221;&#8221; hide_on_tablet=&#8221;&#8221; hide_on_mobile=&#8221;&#8221; css=&#8221;.vc_custom_1547026134345{margin-bottom: -0.6rem !important;}&#8221;][\/vc_column][\/vc_row][vc_row full_width=&#8221;stretch_row&#8221; hide_bg_image_on_tablet=&#8221;&#8221; hide_bg_image_on_mobile=&#8221;&#8221; css=&#8221;.vc_custom_1542810211652{background-image: url(https:\/\/www.artiumlife.com\/wp-content\/uploads\/2018\/11\/bg-6-nocopy.jpg?id=681) !important;background-position: center !important;background-repeat: no-repeat !important;background-size: cover !important;}&#8221;][vc_column icons_position=&#8221;left&#8221;][vc_empty_space alter_height=&#8221;medium&#8221; hide_on_desktop=&#8221;&#8221; hide_on_notebook=&#8221;&#8221; hide_on_tablet=&#8221;&#8221; hide_on_mobile=&#8221;&#8221; css=&#8221;.vc_custom_1547026161056{margin-bottom: 2.6rem !important;}&#8221;]<div id=\"sc_title_85257131\"\n\t\tclass=\"sc_title color_style_default sc_title_alter\"><h2 class=\"sc_item_title sc_title_title sc_align_center sc_item_title_style_alter sc_item_title_tag\">Artiumlife K\u00fctahya Hizmetlerimiz<\/h2><\/div><!-- \/.sc_title -->[vc_empty_space alter_height=&#8221;small&#8221; hide_on_desktop=&#8221;&#8221; hide_on_notebook=&#8221;&#8221; hide_on_tablet=&#8221;&#8221; hide_on_mobile=&#8221;&#8221; css=&#8221;.vc_custom_1547026187681{margin-bottom: 2.1rem !important;}&#8221;]<div  id=\"sc_price_492733424\" \n\tclass=\"sc_price color_style_default sc_price_default\"><div class=\"sc_price_columns_wrap sc_item_columns trx_addons_columns_wrap columns_padding_bottom\"><div class=\"trx_addons_column-1_4\"><div class=\"sc_price_item sc_price_item_default\">\n\t\t\t<div class=\"sc_price_item_info\"><h3 class=\"sc_price_item_title\"><span>Cilt Bak\u0131m\u0131<\/span><\/h3><\/div><!-- \/.sc_price_item_info --><\/div><\/div><div class=\"trx_addons_column-1_4\"><div class=\"sc_price_item sc_price_item_default\">\n\t\t\t<div class=\"sc_price_item_info\"><h3 class=\"sc_price_item_title\"><span>Lazer Epilasyon<\/span><\/h3><\/div><!-- \/.sc_price_item_info --><\/div><\/div><div class=\"trx_addons_column-1_4\"><div class=\"sc_price_item sc_price_item_default\">\n\t\t\t<div class=\"sc_price_item_info\"><h3 class=\"sc_price_item_title\"><span>B\u00f6lgesel incelme<\/span><\/h3><\/div><!-- \/.sc_price_item_info --><\/div><\/div><div class=\"trx_addons_column-1_4\"><div class=\"sc_price_item sc_price_item_default\">\n\t\t\t<div class=\"sc_price_item_info\"><h3 class=\"sc_price_item_title\"><span>\u0130pek Kirpik ve Lifting<\/span><\/h3><\/div><!-- \/.sc_price_item_info --><\/div><\/div><div class=\"trx_addons_column-1_4\"><div class=\"sc_price_item sc_price_item_default\">\n\t\t\t<div class=\"sc_price_item_info\"><h3 class=\"sc_price_item_title\"><span>Protez T\u0131rnak<\/span><\/h3><\/div><!-- \/.sc_price_item_info --><\/div><\/div><div class=\"trx_addons_column-1_4\"><div class=\"sc_price_item sc_price_item_default\">\n\t\t\t<div class=\"sc_price_item_info\"><h3 class=\"sc_price_item_title\"><span>Kal\u0131c\u0131 Makyaj<\/span><\/h3><\/div><!-- \/.sc_price_item_info --><\/div><\/div><\/div><div class=\"sc_item_button sc_button_wrap sc_align_center\"><a href=\"https:\/\/api.whatsapp.com\/send?phone=905330840943\" id=\"sc_button_1097628889\" class=\"sc_button color_style_default sc_button_default sc_item_button sc_item_button_default sc_price_button sc_button_size_normal sc_button_icon_left\"><span class=\"sc_button_text\"><span class=\"sc_button_title\">Whatsapp<\/span><\/span><!-- \/.sc_button_text --><\/a><!-- \/.sc_button --><\/div><!-- \/.sc_item_button --><\/div><!-- \/.sc_price -->[vc_empty_space alter_height=&#8221;large&#8221; hide_on_desktop=&#8221;&#8221; hide_on_notebook=&#8221;&#8221; hide_on_tablet=&#8221;&#8221; hide_on_mobile=&#8221;&#8221; css=&#8221;.vc_custom_1524560987480{margin-bottom: -1rem !important;}&#8221;][\/vc_column][\/vc_row][vc_row equal_height=&#8221;yes&#8221; content_placement=&#8221;middle&#8221;][vc_column icons_position=&#8221;left&#8221;][\/vc_column][\/vc_row]<\/p>\n<\/div>","protected":false},"excerpt":{"rendered":"<p>[vc_row][vc_column icons_position=&#8221;left&#8221;][vc_empty_space alter_height=&#8221;medium&#8221; hide_on_desktop=&#8221;&#8221; hide_on_notebook=&#8221;&#8221; hide_on_tablet=&#8221;&#8221; hide_on_mobile=&#8221;&#8221; css=&#8221;.vc_custom_1547026088056{margin-bottom: 2.7rem !important;}&#8221;][\/vc_column][\/vc_row][vc_row][vc_column icons_position=&#8221;left&#8221;][vc_empty_space alter_height=&#8221;large&#8221; hide_on_desktop=&#8221;&#8221; hide_on_notebook=&#8221;&#8221; hide_on_tablet=&#8221;&#8221; hide_on_mobile=&#8221;&#8221; css=&#8221;.vc_custom_1547026134345{margin-bottom: -0.6rem !important;}&#8221;][\/vc_column][\/vc_row][vc_row full_width=&#8221;stretch_row&#8221; hide_bg_image_on_tablet=&#8221;&#8221; hide_bg_image_on_mobile=&#8221;&#8221; css=&#8221;.vc_custom_1542810211652{background-image: url(https:\/\/www.artiumlife.com\/wp-content\/uploads\/2018\/11\/bg-6-nocopy.jpg?id=681) !important;background-position: center !important;background-repeat: no-repeat !important;background-size: cover !important;}&#8221;][vc_column icons_position=&#8221;left&#8221;][vc_empty_space alter_height=&#8221;medium&#8221; hide_on_desktop=&#8221;&#8221; hide_on_notebook=&#8221;&#8221;&hellip;<\/p>\n","protected":false},"author":1,"featured_media":0,"parent":0,"menu_order":0,"comment_status":"closed","ping_status":"closed","template":"","meta":{"footnotes":""},"class_list":["post-41","page","type-page","status-publish","hentry"],"_links":{"self":[{"href":"https:\/\/www.artiumlife.com\/index.php?rest_route=\/wp\/v2\/pages\/41"}],"collection":[{"href":"https:\/\/www.artiumlife.com\/index.php?rest_route=\/wp\/v2\/pages"}],"about":[{"href":"https:\/\/www.artiumlife.com\/index.php?rest_route=\/wp\/v2\/types\/page"}],"author":[{"embeddable":true,"href":"https:\/\/www.artiumlife.com\/index.php?rest_route=\/wp\/v2\/users\/1"}],"replies":[{"embeddable":true,"href":"https:\/\/www.artiumlife.com\/index.php?rest_route=%2Fwp%2Fv2%2Fcomments&post=41"}],"version-history":[{"count":1,"href":"https:\/\/www.artiumlife.com\/index.php?rest_route=\/wp\/v2\/pages\/41\/revisions"}],"predecessor-version":[{"id":1695,"href":"https:\/\/www.artiumlife.com\/index.php?rest_route=\/wp\/v2\/pages\/41\/revisions\/1695"}],"wp:attachment":[{"href":"https:\/\/www.artiumlife.com\/index.php?rest_route=%2Fwp%2Fv2%2Fmedia&parent=41"}],"curies":[{"name":"wp","href":"https:\/\/api.w.org\/{rel}","templated":true}]}}