{"id":642,"date":"2018-09-04T08:30:28","date_gmt":"2018-09-04T08:30:28","guid":{"rendered":"https:\/\/www.artiumlife.com\/?page_id=642"},"modified":"2024-11-03T20:56:10","modified_gmt":"2024-11-03T17:56:10","slug":"service-plus","status":"publish","type":"page","link":"https:\/\/www.artiumlife.com\/?page_id=642","title":{"rendered":"Kampanyalar"},"content":{"rendered":"<div class=\"wpb-content-wrapper\"><p>[vc_row][vc_column icons_position=&#8221;left&#8221;]<div id=\"sc_title_593899391\"\n\t\tclass=\"sc_title color_style_default sc_title_default\"><h6 class=\"sc_item_subtitle sc_title_subtitle sc_align_center sc_item_title_style_default\">Artiumlife<\/h6><h2 class=\"sc_item_title sc_title_title sc_align_center sc_item_title_style_default\">Kampanyal\u0131 Paketler<\/h2><\/div><!-- \/.sc_title -->[vc_empty_space height=&#8221;&#8221; alter_height=&#8221;medium&#8221; hide_on_desktop=&#8221;&#8221; hide_on_notebook=&#8221;&#8221; hide_on_tablet=&#8221;&#8221; hide_on_mobile=&#8221;&#8221;]<div  id=\"sc_price_1352948456\" \n\tclass=\"sc_price color_style_default sc_price_default\"><div class=\"sc_price_columns_wrap sc_item_columns trx_addons_columns_wrap columns_padding_bottom\"><div class=\"trx_addons_column-1_3\"><div class=\"sc_price_item sc_price_item_default\">\n\t\t\t<div class=\"sc_price_item_info\"><h6 class=\"sc_price_item_subtitle\"><span>G\u00fczellik<\/span><\/h6><h3 class=\"sc_price_item_title\"><span>Kampanya 1<\/span><\/h3><div class=\"sc_price_item_price\"><span class=\"sc_price_item_price_value\">0 TL<\/span><\/div><div class=\"sc_price_item_details\"><p>Yak\u0131nda<\/p>\n<p>Kampanyalar\u0131m\u0131z G\u00fcncellenecektir<\/p><\/div><a href=\"https:\/\/wa.me\/905330840943\" class=\"sc_price_item_link sc_button\" target=\"_blank\">Whatsapp<\/a><\/div><!-- \/.sc_price_item_info --><\/div><\/div><div class=\"trx_addons_column-1_3\"><div class=\"sc_price_item sc_price_item_default\">\n\t\t\t<div class=\"sc_price_item_info\"><h6 class=\"sc_price_item_subtitle\"><span>G\u00fczellik<\/span><\/h6><h3 class=\"sc_price_item_title\"><span>Kampanya 2<\/span><\/h3><div class=\"sc_price_item_price\"><span class=\"sc_price_item_price_value\">0 TL<\/span><\/div><div class=\"sc_price_item_details\"><p>Yak\u0131nda<\/p>\n<p>Kampanyalar\u0131m\u0131z G\u00fcncellenecektir<\/p><\/div><a href=\"https:\/\/wa.me\/905330840943\" class=\"sc_price_item_link sc_button\" target=\"_blank\">Whatsapp<\/a><\/div><!-- \/.sc_price_item_info --><\/div><\/div><div class=\"trx_addons_column-1_3\"><div class=\"sc_price_item sc_price_item_default\">\n\t\t\t<div class=\"sc_price_item_info\"><h6 class=\"sc_price_item_subtitle\"><span>G\u00fczellik<\/span><\/h6><h3 class=\"sc_price_item_title\"><span>Kampanya 3<\/span><\/h3><div class=\"sc_price_item_price\"><span class=\"sc_price_item_price_value\">0 TL<\/span><\/div><div class=\"sc_price_item_details\"><p>Yak\u0131nda<\/p>\n<p>Kampanyalar\u0131m\u0131z G\u00fcncellenecektir<\/p><\/div><a href=\"https:\/\/wa.me\/905330840943\" class=\"sc_price_item_link sc_button\" target=\"_blank\">Whatsapp<\/a><\/div><!-- \/.sc_price_item_info --><\/div><\/div><\/div><\/div><!-- \/.sc_price -->[\/vc_column][\/vc_row]<\/p>\n<\/div>","protected":false},"excerpt":{"rendered":"<p>[vc_row][vc_column icons_position=&#8221;left&#8221;][vc_empty_space height=&#8221;&#8221; alter_height=&#8221;medium&#8221; hide_on_desktop=&#8221;&#8221; hide_on_notebook=&#8221;&#8221; hide_on_tablet=&#8221;&#8221; hide_on_mobile=&#8221;&#8221;][\/vc_column][\/vc_row]<\/p>\n","protected":false},"author":1,"featured_media":0,"parent":0,"menu_order":0,"comment_status":"closed","ping_status":"closed","template":"","meta":{"footnotes":""},"class_list":["post-642","page","type-page","status-publish","hentry"],"_links":{"self":[{"href":"https:\/\/www.artiumlife.com\/index.php?rest_route=\/wp\/v2\/pages\/642"}],"collection":[{"href":"https:\/\/www.artiumlife.com\/index.php?rest_route=\/wp\/v2\/pages"}],"about":[{"href":"https:\/\/www.artiumlife.com\/index.php?rest_route=\/wp\/v2\/types\/page"}],"author":[{"embeddable":true,"href":"https:\/\/www.artiumlife.com\/index.php?rest_route=\/wp\/v2\/users\/1"}],"replies":[{"embeddable":true,"href":"https:\/\/www.artiumlife.com\/index.php?rest_route=%2Fwp%2Fv2%2Fcomments&post=642"}],"version-history":[{"count":2,"href":"https:\/\/www.artiumlife.com\/index.php?rest_route=\/wp\/v2\/pages\/642\/revisions"}],"predecessor-version":[{"id":1732,"href":"https:\/\/www.artiumlife.com\/index.php?rest_route=\/wp\/v2\/pages\/642\/revisions\/1732"}],"wp:attachment":[{"href":"https:\/\/www.artiumlife.com\/index.php?rest_route=%2Fwp%2Fv2%2Fmedia&parent=642"}],"curies":[{"name":"wp","href":"https:\/\/api.w.org\/{rel}","templated":true}]}}